{"id":13,"date":"2018-09-02T19:00:38","date_gmt":"2018-09-02T19:00:38","guid":{"rendered":"https:\/\/www.damman.ch\/?page_id=13"},"modified":"2021-08-04T20:33:02","modified_gmt":"2021-08-04T18:33:02","slug":"eigenschaften","status":"publish","type":"page","link":"https:\/\/www.damman.ch\/","title":{"rendered":"Die Bengalkatze"},"content":{"rendered":"<p>Die Bengalkatze eine aktive, verspielte Katze mit \u00fcberaus sozialem Charakter. Sie liebt es, einem auf Schritt und Tritt zu folgen und immer dabei zu sein. Sie braucht Gesellschaft, viel Auslauf und Besch\u00e4ftigung. Eine kleine Wohnung und das Alleinelassen f\u00fchren oft zu Verhaltensst\u00f6rungen.<\/p>\n<p>Das Fell ist kurz, seidig und weist Golden-Glitter auf. Da Bengalen kein Unterfell haben, verlieren sie kaum Haare. Die Zeichnungen variieren von rosetted zu spotted und marbled. Es gibt sie in fast allen Farben, wobei nicht jeder Zuchtverein jede Farbe anerkennt.<\/p>\n","protected":false},"excerpt":{"rendered":"<p>Die Bengalkatze eine aktive, verspielte Katze mit \u00fcberaus sozialem Charakter. Sie liebt es, einem auf Schritt und Tritt zu folgen und immer dabei zu sein. Sie braucht Gesellschaft, viel Auslauf und Besch\u00e4ftigung. Eine kleine Wohnung und das Alleinelassen f\u00fchren oft zu Verhaltensst\u00f6rungen. Das Fell ist kurz, seidig und weist Golden-Glitter auf. Da Bengalen kein Unterfell &hellip; <\/p>\n<p class=\"link-more\"><a href=\"https:\/\/www.damman.ch\/\" class=\"more-link\"><span class=\"screen-reader-text\">\u201eDie Bengalkatze\u201c<\/span> weiterlesen<\/a><\/p>\n","protected":false},"author":1,"featured_media":0,"parent":0,"menu_order":0,"comment_status":"closed","ping_status":"closed","template":"","meta":[],"_links":{"self":[{"href":"https:\/\/www.damman.ch\/index.php?rest_route=\/wp\/v2\/pages\/13"}],"collection":[{"href":"https:\/\/www.damman.ch\/index.php?rest_route=\/wp\/v2\/pages"}],"about":[{"href":"https:\/\/www.damman.ch\/index.php?rest_route=\/wp\/v2\/types\/page"}],"author":[{"embeddable":true,"href":"https:\/\/www.damman.ch\/index.php?rest_route=\/wp\/v2\/users\/1"}],"replies":[{"embeddable":true,"href":"https:\/\/www.damman.ch\/index.php?rest_route=%2Fwp%2Fv2%2Fcomments&post=13"}],"version-history":[{"count":4,"href":"https:\/\/www.damman.ch\/index.php?rest_route=\/wp\/v2\/pages\/13\/revisions"}],"predecessor-version":[{"id":111,"href":"https:\/\/www.damman.ch\/index.php?rest_route=\/wp\/v2\/pages\/13\/revisions\/111"}],"wp:attachment":[{"href":"https:\/\/www.damman.ch\/index.php?rest_route=%2Fwp%2Fv2%2Fmedia&parent=13"}],"curies":[{"name":"wp","href":"https:\/\/api.w.org\/{rel}","templated":true}]}}