{"id":148,"date":"2023-05-28T13:25:18","date_gmt":"2023-05-28T11:25:18","guid":{"rendered":"https:\/\/www.damman.ch\/?page_id=148"},"modified":"2023-05-28T19:25:09","modified_gmt":"2023-05-28T17:25:09","slug":"spazieren-mit-katzen","status":"publish","type":"page","link":"https:\/\/www.damman.ch\/?page_id=148","title":{"rendered":"Spazieren mit Katzen"},"content":{"rendered":"\n<p>Katzengeschirre Damman<\/p>\n\n\n\n<figure class=\"wp-block-image size-large\"><a href=\"https:\/\/www.damman.ch\/wp-content\/uploads\/2023\/05\/20230526_195256_01.png\"><img decoding=\"async\" loading=\"lazy\" width=\"1024\" height=\"768\" src=\"https:\/\/www.damman.ch\/wp-content\/uploads\/2023\/05\/20230526_195256_01-1024x768.png\" alt=\"\" class=\"wp-image-170\" srcset=\"https:\/\/www.damman.ch\/wp-content\/uploads\/2023\/05\/20230526_195256_01-1024x768.png 1024w, https:\/\/www.damman.ch\/wp-content\/uploads\/2023\/05\/20230526_195256_01-300x225.png 300w, https:\/\/www.damman.ch\/wp-content\/uploads\/2023\/05\/20230526_195256_01-768x576.png 768w, https:\/\/www.damman.ch\/wp-content\/uploads\/2023\/05\/20230526_195256_01-1536x1152.png 1536w, https:\/\/www.damman.ch\/wp-content\/uploads\/2023\/05\/20230526_195256_01-2048x1536.png 2048w\" sizes=\"(max-width: 767px) 89vw, (max-width: 1000px) 54vw, (max-width: 1071px) 543px, 580px\" \/><\/a><\/figure>\n\n\n\n<p>Das Spazieren mit Katzen ist eine wunderbare M\u00f6glichkeit, Hauskatzen den Zugang zur Natur zu erm\u00f6glichen. Da die auf dem Markt erh\u00e4ltlichen Katzengeschirre nicht meine Anspr\u00fcche bez\u00fcglich Anatomie und Biomechanik der Katze erf\u00fcllten, entwickelte ich meine eigenen Katzengeschirre.<\/p>\n\n\n\n<p>Einzigartiges anatomisches Katzen-Sicherheitsgeschirr mit viel Schulterfreiheit, extra leicht. Durchdachtes Design, welches optimale Bewegung zul\u00e4sst und nicht die Organe dr\u00fcckt. Mittiger Anbinde Halbring. Der hintere Ring dient der Montage einer Infoplakette.<\/p>\n\n\n\n<p>Sicherheitsgeschirre mit zwei Bauchriemen verhindern ein schnelles Ausbrechen, da es den Ausbruchversuch deutlich erschwert. Dadurch bekommt man wertvolle Zeit, um die Katze rechtzeitig zu sichern. Kein Geschirr ist zu 100% sicher.<\/p>\n\n\n\n<p>Die Geschirre sind mit 30\u00b0C waschbar. S\u00e4mtliche Schnallen aus Kunststoff sind robust, korrodieren nicht und schonen die Waschmaschine.<\/p>\n\n\n\n<p>Einzelne Geschirre sind reflektierend, was die Sicherheit erh\u00f6ht. Andere sind mit h\u00fcbschem Zierband versehen.<\/p>\n\n\n\n<p>Gewicht ca. 50 &#8211; 70 Gramm<\/p>\n\n\n\n<p>Preis mit einfachem Gurtband 70.- CHF, mit zus\u00e4tzlichem Zierband 90.- CHF<\/p>\n\n\n\n<figure class=\"wp-block-image size-large\"><a href=\"https:\/\/www.damman.ch\/wp-content\/uploads\/2023\/05\/20230527_131555-scaled.jpg\"><img decoding=\"async\" loading=\"lazy\" width=\"1024\" height=\"760\" src=\"https:\/\/www.damman.ch\/wp-content\/uploads\/2023\/05\/20230527_131555-1024x760.jpg\" alt=\"\" class=\"wp-image-189\" srcset=\"https:\/\/www.damman.ch\/wp-content\/uploads\/2023\/05\/20230527_131555-1024x760.jpg 1024w, https:\/\/www.damman.ch\/wp-content\/uploads\/2023\/05\/20230527_131555-300x223.jpg 300w, https:\/\/www.damman.ch\/wp-content\/uploads\/2023\/05\/20230527_131555-768x570.jpg 768w, https:\/\/www.damman.ch\/wp-content\/uploads\/2023\/05\/20230527_131555-1536x1140.jpg 1536w, https:\/\/www.damman.ch\/wp-content\/uploads\/2023\/05\/20230527_131555-2048x1520.jpg 2048w\" sizes=\"(max-width: 767px) 89vw, (max-width: 1000px) 54vw, (max-width: 1071px) 543px, 580px\" \/><\/a><\/figure>\n\n\n\n<figure class=\"wp-block-image size-large\"><a href=\"https:\/\/www.damman.ch\/wp-content\/uploads\/2023\/05\/20221019_153719-scaled.jpg\"><img decoding=\"async\" loading=\"lazy\" width=\"1024\" height=\"768\" src=\"https:\/\/www.damman.ch\/wp-content\/uploads\/2023\/05\/20221019_153719-1024x768.jpg\" alt=\"\" class=\"wp-image-188\" srcset=\"https:\/\/www.damman.ch\/wp-content\/uploads\/2023\/05\/20221019_153719-1024x768.jpg 1024w, https:\/\/www.damman.ch\/wp-content\/uploads\/2023\/05\/20221019_153719-300x225.jpg 300w, https:\/\/www.damman.ch\/wp-content\/uploads\/2023\/05\/20221019_153719-768x576.jpg 768w, https:\/\/www.damman.ch\/wp-content\/uploads\/2023\/05\/20221019_153719-1536x1152.jpg 1536w, https:\/\/www.damman.ch\/wp-content\/uploads\/2023\/05\/20221019_153719-2048x1536.jpg 2048w\" sizes=\"(max-width: 767px) 89vw, (max-width: 1000px) 54vw, (max-width: 1071px) 543px, 580px\" \/><\/a><\/figure>\n\n\n\n<figure class=\"wp-block-image size-large\"><a href=\"https:\/\/www.damman.ch\/wp-content\/uploads\/2023\/05\/20220830_135531-scaled.jpg\"><img decoding=\"async\" loading=\"lazy\" width=\"1024\" height=\"768\" src=\"https:\/\/www.damman.ch\/wp-content\/uploads\/2023\/05\/20220830_135531-1024x768.jpg\" alt=\"\" class=\"wp-image-187\" srcset=\"https:\/\/www.damman.ch\/wp-content\/uploads\/2023\/05\/20220830_135531-1024x768.jpg 1024w, https:\/\/www.damman.ch\/wp-content\/uploads\/2023\/05\/20220830_135531-300x225.jpg 300w, https:\/\/www.damman.ch\/wp-content\/uploads\/2023\/05\/20220830_135531-768x576.jpg 768w, https:\/\/www.damman.ch\/wp-content\/uploads\/2023\/05\/20220830_135531-1536x1152.jpg 1536w, https:\/\/www.damman.ch\/wp-content\/uploads\/2023\/05\/20220830_135531-2048x1536.jpg 2048w\" sizes=\"(max-width: 767px) 89vw, (max-width: 1000px) 54vw, (max-width: 1071px) 543px, 580px\" \/><\/a><\/figure>\n\n\n\n<figure class=\"wp-block-image size-large\"><a href=\"https:\/\/www.damman.ch\/wp-content\/uploads\/2023\/05\/20220823_160402-scaled.jpg\"><img decoding=\"async\" loading=\"lazy\" width=\"1024\" height=\"768\" src=\"https:\/\/www.damman.ch\/wp-content\/uploads\/2023\/05\/20220823_160402-1024x768.jpg\" alt=\"\" class=\"wp-image-186\" srcset=\"https:\/\/www.damman.ch\/wp-content\/uploads\/2023\/05\/20220823_160402-1024x768.jpg 1024w, https:\/\/www.damman.ch\/wp-content\/uploads\/2023\/05\/20220823_160402-300x225.jpg 300w, https:\/\/www.damman.ch\/wp-content\/uploads\/2023\/05\/20220823_160402-768x576.jpg 768w, https:\/\/www.damman.ch\/wp-content\/uploads\/2023\/05\/20220823_160402-1536x1152.jpg 1536w, https:\/\/www.damman.ch\/wp-content\/uploads\/2023\/05\/20220823_160402-2048x1536.jpg 2048w\" sizes=\"(max-width: 767px) 89vw, (max-width: 1000px) 54vw, (max-width: 1071px) 543px, 580px\" \/><\/a><\/figure>\n","protected":false},"excerpt":{"rendered":"<p>Katzengeschirre Damman Das Spazieren mit Katzen ist eine wunderbare M\u00f6glichkeit, Hauskatzen den Zugang zur Natur zu erm\u00f6glichen. Da die auf dem Markt erh\u00e4ltlichen Katzengeschirre nicht meine Anspr\u00fcche bez\u00fcglich Anatomie und Biomechanik der Katze erf\u00fcllten, entwickelte ich meine eigenen Katzengeschirre. Einzigartiges anatomisches Katzen-Sicherheitsgeschirr mit viel Schulterfreiheit, extra leicht. Durchdachtes Design, welches optimale Bewegung zul\u00e4sst und nicht &hellip; <\/p>\n<p class=\"link-more\"><a href=\"https:\/\/www.damman.ch\/?page_id=148\" class=\"more-link\"><span class=\"screen-reader-text\">\u201eSpazieren mit Katzen\u201c<\/span> weiterlesen<\/a><\/p>\n","protected":false},"author":1,"featured_media":0,"parent":0,"menu_order":0,"comment_status":"closed","ping_status":"closed","template":"","meta":[],"_links":{"self":[{"href":"https:\/\/www.damman.ch\/index.php?rest_route=\/wp\/v2\/pages\/148"}],"collection":[{"href":"https:\/\/www.damman.ch\/index.php?rest_route=\/wp\/v2\/pages"}],"about":[{"href":"https:\/\/www.damman.ch\/index.php?rest_route=\/wp\/v2\/types\/page"}],"author":[{"embeddable":true,"href":"https:\/\/www.damman.ch\/index.php?rest_route=\/wp\/v2\/users\/1"}],"replies":[{"embeddable":true,"href":"https:\/\/www.damman.ch\/index.php?rest_route=%2Fwp%2Fv2%2Fcomments&post=148"}],"version-history":[{"count":5,"href":"https:\/\/www.damman.ch\/index.php?rest_route=\/wp\/v2\/pages\/148\/revisions"}],"predecessor-version":[{"id":190,"href":"https:\/\/www.damman.ch\/index.php?rest_route=\/wp\/v2\/pages\/148\/revisions\/190"}],"wp:attachment":[{"href":"https:\/\/www.damman.ch\/index.php?rest_route=%2Fwp%2Fv2%2Fmedia&parent=148"}],"curies":[{"name":"wp","href":"https:\/\/api.w.org\/{rel}","templated":true}]}}